{"id":183,"date":"2020-09-13T16:56:19","date_gmt":"2020-09-13T16:56:19","guid":{"rendered":"https:\/\/www.ampacalvosotelo.es\/leo3.0\/?page_id=183"},"modified":"2025-05-07T07:36:11","modified_gmt":"2025-05-07T07:36:11","slug":"el-colegio","status":"publish","type":"page","link":"https:\/\/www.ampacalvosotelo.es\/leo3.0\/el-colegio\/","title":{"rendered":"EL COLEGIO"},"content":{"rendered":"\n<figure class=\"wp-block-image size-full is-resized\"><img loading=\"lazy\" decoding=\"async\" width=\"816\" height=\"357\" src=\"https:\/\/www.ampacalvosotelo.es\/leo3.0\/wp-content\/uploads\/2025\/05\/logo-colegio-bilingue-comunidad-de-madrid12114.png\" alt=\"\" class=\"wp-image-970\" style=\"width:1214px;height:auto\" srcset=\"https:\/\/www.ampacalvosotelo.es\/leo3.0\/wp-content\/uploads\/2025\/05\/logo-colegio-bilingue-comunidad-de-madrid12114.png 816w, https:\/\/www.ampacalvosotelo.es\/leo3.0\/wp-content\/uploads\/2025\/05\/logo-colegio-bilingue-comunidad-de-madrid12114-300x131.png 300w, https:\/\/www.ampacalvosotelo.es\/leo3.0\/wp-content\/uploads\/2025\/05\/logo-colegio-bilingue-comunidad-de-madrid12114-768x336.png 768w\" sizes=\"auto, (max-width: 816px) 100vw, 816px\" \/><\/figure>\n\n\n\n<p class=\"has-text-align-center\">El <strong>Colegio de Educaci\u00f3n Infantil y Primaria Leopoldo Calvo-Sotelo<\/strong> es un <strong>Colegio P\u00fablico Biling\u00fce de la Comunidad de Madrid <\/strong>abri\u00f3 sus puertas el 15 de septiembre de 2008.<\/p>\n\n\n\n<p class=\"has-text-align-center\">El <strong>CEIP Leopoldo Calvo-Sotelo<\/strong> es un centro p\u00fablico biling\u00fce de la Comunidad de Madrid, ubicado en Las Tablas y abierto en 2008.<\/p>\n\n\n\n<h3 class=\"wp-block-heading\">Horario del centro:<\/h3>\n\n\n\n<h4 class=\"wp-block-heading\"><strong>SEPTIEMBRE Y JUNIO:<\/strong><\/h4>\n\n\n\n<ul class=\"wp-block-list\">\n<li><strong>Horario lectivo<\/strong>: de 9:00 a 13:00 h<\/li>\n\n\n\n<li><strong>Horario comedor<\/strong>: de 13:00 a 15:00 h<\/li>\n<\/ul>\n\n\n\n<p>* Opci\u00f3n de horario ampliado de 7:30 a 9:00h y de 16:00 a 18:00h (extraescolares)<\/p>\n\n\n\n<h4 class=\"wp-block-heading\"><strong>OCTUBRE A MAYO<\/strong><\/h4>\n\n\n\n<ul class=\"wp-block-list\">\n<li><strong>Horario lectivo:<\/strong>\u00a0de 9:00 a 12:30h y de 14:30 a 16:00h<\/li>\n\n\n\n<li><strong>Horario comedor<\/strong>: de 12:30 a 14:30h<\/li>\n<\/ul>\n\n\n\n<p>* Opci\u00f3n de horario ampliado de 7:30 a 9:00h y de 16:00 a 18:00h (extraescolares)<\/p>\n","protected":false},"excerpt":{"rendered":"<p>El Colegio de Educaci\u00f3n Infantil y Primaria Leopoldo Calvo-Sotelo es un Colegio P\u00fablico Biling\u00fce de la Comunidad de Madrid abri\u00f3 sus puertas el 15 de septiembre de 2008. El CEIP Leopoldo Calvo-Sotelo es un centro p\u00fablico biling\u00fce de la Comunidad de Madrid, ubicado en Las Tablas y abierto en 2008. Horario del centro: SEPTIEMBRE Y [&hellip;]<\/p>\n","protected":false},"author":4,"featured_media":0,"parent":0,"menu_order":0,"comment_status":"closed","ping_status":"closed","template":"","meta":{"footnotes":""},"class_list":["post-183","page","type-page","status-publish","hentry"],"yoast_head":"<!-- This site is optimized with the Yoast SEO plugin v24.8.1 - https:\/\/yoast.com\/wordpress\/plugins\/seo\/ -->\n<title>Informaci\u00f3n colegio - AMPA Leopoldo Calvo Sotelo<\/title>\n<meta name=\"robots\" content=\"index, follow, max-snippet:-1, max-image-preview:large, max-video-preview:-1\" \/>\n<link rel=\"canonical\" href=\"https:\/\/www.ampacalvosotelo.es\/leo3.0\/el-colegio\/\" \/>\n<meta property=\"og:locale\" content=\"es_ES\" \/>\n<meta property=\"og:type\" content=\"article\" \/>\n<meta property=\"og:title\" content=\"Informaci\u00f3n colegio - AMPA Leopoldo Calvo Sotelo\" \/>\n<meta property=\"og:description\" content=\"El Colegio de Educaci\u00f3n Infantil y Primaria Leopoldo Calvo-Sotelo es un Colegio P\u00fablico Biling\u00fce de la Comunidad de Madrid abri\u00f3 sus puertas el 15 de septiembre de 2008. El CEIP Leopoldo Calvo-Sotelo es un centro p\u00fablico biling\u00fce de la Comunidad de Madrid, ubicado en Las Tablas y abierto en 2008. Horario del centro: SEPTIEMBRE Y [&hellip;]\" \/>\n<meta property=\"og:url\" content=\"https:\/\/www.ampacalvosotelo.es\/leo3.0\/el-colegio\/\" \/>\n<meta property=\"og:site_name\" content=\"AMPA LEOPOLDO CALVO-SOTELO\" \/>\n<meta property=\"article:publisher\" content=\"https:\/\/www.facebook.com\/ampa.leopoldocalvosotelo\/?locale=es_ES\" \/>\n<meta property=\"article:modified_time\" content=\"2025-05-07T07:36:11+00:00\" \/>\n<meta property=\"og:image\" content=\"https:\/\/www.ampacalvosotelo.es\/leo3.0\/wp-content\/uploads\/2025\/05\/logo-colegio-bilingue-comunidad-de-madrid12114.png\" \/>\n\t<meta property=\"og:image:width\" content=\"816\" \/>\n\t<meta property=\"og:image:height\" content=\"357\" \/>\n\t<meta property=\"og:image:type\" content=\"image\/png\" \/>\n<meta name=\"twitter:card\" content=\"summary_large_image\" \/>\n<meta name=\"twitter:label1\" content=\"Tiempo de lectura\" \/>\n\t<meta name=\"twitter:data1\" content=\"1 minuto\" \/>\n<script type=\"application\/ld+json\" class=\"yoast-schema-graph\">{\"@context\":\"https:\/\/schema.org\",\"@graph\":[{\"@type\":\"WebPage\",\"@id\":\"https:\/\/www.ampacalvosotelo.es\/leo3.0\/el-colegio\/\",\"url\":\"https:\/\/www.ampacalvosotelo.es\/leo3.0\/el-colegio\/\",\"name\":\"Informaci\u00f3n colegio - AMPA Leopoldo Calvo Sotelo\",\"isPartOf\":{\"@id\":\"https:\/\/www.ampacalvosotelo.es\/leo3.0\/#website\"},\"primaryImageOfPage\":{\"@id\":\"https:\/\/www.ampacalvosotelo.es\/leo3.0\/el-colegio\/#primaryimage\"},\"image\":{\"@id\":\"https:\/\/www.ampacalvosotelo.es\/leo3.0\/el-colegio\/#primaryimage\"},\"thumbnailUrl\":\"https:\/\/www.ampacalvosotelo.es\/leo3.0\/wp-content\/uploads\/2025\/05\/logo-colegio-bilingue-comunidad-de-madrid12114.png\",\"datePublished\":\"2020-09-13T16:56:19+00:00\",\"dateModified\":\"2025-05-07T07:36:11+00:00\",\"breadcrumb\":{\"@id\":\"https:\/\/www.ampacalvosotelo.es\/leo3.0\/el-colegio\/#breadcrumb\"},\"inLanguage\":\"es\",\"potentialAction\":[{\"@type\":\"ReadAction\",\"target\":[\"https:\/\/www.ampacalvosotelo.es\/leo3.0\/el-colegio\/\"]}]},{\"@type\":\"ImageObject\",\"inLanguage\":\"es\",\"@id\":\"https:\/\/www.ampacalvosotelo.es\/leo3.0\/el-colegio\/#primaryimage\",\"url\":\"https:\/\/www.ampacalvosotelo.es\/leo3.0\/wp-content\/uploads\/2025\/05\/logo-colegio-bilingue-comunidad-de-madrid12114.png\",\"contentUrl\":\"https:\/\/www.ampacalvosotelo.es\/leo3.0\/wp-content\/uploads\/2025\/05\/logo-colegio-bilingue-comunidad-de-madrid12114.png\",\"width\":816,\"height\":357},{\"@type\":\"BreadcrumbList\",\"@id\":\"https:\/\/www.ampacalvosotelo.es\/leo3.0\/el-colegio\/#breadcrumb\",\"itemListElement\":[{\"@type\":\"ListItem\",\"position\":1,\"name\":\"Portada\",\"item\":\"https:\/\/www.ampacalvosotelo.es\/leo3.0\/\"},{\"@type\":\"ListItem\",\"position\":2,\"name\":\"EL COLEGIO\"}]},{\"@type\":\"WebSite\",\"@id\":\"https:\/\/www.ampacalvosotelo.es\/leo3.0\/#website\",\"url\":\"https:\/\/www.ampacalvosotelo.es\/leo3.0\/\",\"name\":\"AMPA LEOPOLDO CALVO-SOTELO\",\"description\":\"\",\"publisher\":{\"@id\":\"https:\/\/www.ampacalvosotelo.es\/leo3.0\/#organization\"},\"potentialAction\":[{\"@type\":\"SearchAction\",\"target\":{\"@type\":\"EntryPoint\",\"urlTemplate\":\"https:\/\/www.ampacalvosotelo.es\/leo3.0\/?s={search_term_string}\"},\"query-input\":{\"@type\":\"PropertyValueSpecification\",\"valueRequired\":true,\"valueName\":\"search_term_string\"}}],\"inLanguage\":\"es\"},{\"@type\":\"Organization\",\"@id\":\"https:\/\/www.ampacalvosotelo.es\/leo3.0\/#organization\",\"name\":\"AMPA LEOPOLDO CALVO-SOTELO\",\"url\":\"https:\/\/www.ampacalvosotelo.es\/leo3.0\/\",\"logo\":{\"@type\":\"ImageObject\",\"inLanguage\":\"es\",\"@id\":\"https:\/\/www.ampacalvosotelo.es\/leo3.0\/#\/schema\/logo\/image\/\",\"url\":\"https:\/\/www.ampacalvosotelo.es\/leo3.0\/wp-content\/uploads\/2019\/01\/cropped-1011324_170800033092621_1551186961_n-5.png\",\"contentUrl\":\"https:\/\/www.ampacalvosotelo.es\/leo3.0\/wp-content\/uploads\/2019\/01\/cropped-1011324_170800033092621_1551186961_n-5.png\",\"width\":180,\"height\":167,\"caption\":\"AMPA LEOPOLDO CALVO-SOTELO\"},\"image\":{\"@id\":\"https:\/\/www.ampacalvosotelo.es\/leo3.0\/#\/schema\/logo\/image\/\"},\"sameAs\":[\"https:\/\/www.facebook.com\/ampa.leopoldocalvosotelo\/?locale=es_ES\",\"https:\/\/www.instagram.com\/ampaleopoldocalvosotelo\/\",\"https:\/\/www.whatsapp.com\/channel\/0029VaVA7D2ElagwaCmnrT2x\",\"https:\/\/t.me\/AMPALCS\"]}]}<\/script>\n<!-- \/ Yoast SEO plugin. -->","yoast_head_json":{"title":"Informaci\u00f3n colegio - AMPA Leopoldo Calvo Sotelo","robots":{"index":"index","follow":"follow","max-snippet":"max-snippet:-1","max-image-preview":"max-image-preview:large","max-video-preview":"max-video-preview:-1"},"canonical":"https:\/\/www.ampacalvosotelo.es\/leo3.0\/el-colegio\/","og_locale":"es_ES","og_type":"article","og_title":"Informaci\u00f3n colegio - AMPA Leopoldo Calvo Sotelo","og_description":"El Colegio de Educaci\u00f3n Infantil y Primaria Leopoldo Calvo-Sotelo es un Colegio P\u00fablico Biling\u00fce de la Comunidad de Madrid abri\u00f3 sus puertas el 15 de septiembre de 2008. El CEIP Leopoldo Calvo-Sotelo es un centro p\u00fablico biling\u00fce de la Comunidad de Madrid, ubicado en Las Tablas y abierto en 2008. Horario del centro: SEPTIEMBRE Y [&hellip;]","og_url":"https:\/\/www.ampacalvosotelo.es\/leo3.0\/el-colegio\/","og_site_name":"AMPA LEOPOLDO CALVO-SOTELO","article_publisher":"https:\/\/www.facebook.com\/ampa.leopoldocalvosotelo\/?locale=es_ES","article_modified_time":"2025-05-07T07:36:11+00:00","og_image":[{"width":816,"height":357,"url":"https:\/\/www.ampacalvosotelo.es\/leo3.0\/wp-content\/uploads\/2025\/05\/logo-colegio-bilingue-comunidad-de-madrid12114.png","type":"image\/png"}],"twitter_card":"summary_large_image","twitter_misc":{"Tiempo de lectura":"1 minuto"},"schema":{"@context":"https:\/\/schema.org","@graph":[{"@type":"WebPage","@id":"https:\/\/www.ampacalvosotelo.es\/leo3.0\/el-colegio\/","url":"https:\/\/www.ampacalvosotelo.es\/leo3.0\/el-colegio\/","name":"Informaci\u00f3n colegio - AMPA Leopoldo Calvo Sotelo","isPartOf":{"@id":"https:\/\/www.ampacalvosotelo.es\/leo3.0\/#website"},"primaryImageOfPage":{"@id":"https:\/\/www.ampacalvosotelo.es\/leo3.0\/el-colegio\/#primaryimage"},"image":{"@id":"https:\/\/www.ampacalvosotelo.es\/leo3.0\/el-colegio\/#primaryimage"},"thumbnailUrl":"https:\/\/www.ampacalvosotelo.es\/leo3.0\/wp-content\/uploads\/2025\/05\/logo-colegio-bilingue-comunidad-de-madrid12114.png","datePublished":"2020-09-13T16:56:19+00:00","dateModified":"2025-05-07T07:36:11+00:00","breadcrumb":{"@id":"https:\/\/www.ampacalvosotelo.es\/leo3.0\/el-colegio\/#breadcrumb"},"inLanguage":"es","potentialAction":[{"@type":"ReadAction","target":["https:\/\/www.ampacalvosotelo.es\/leo3.0\/el-colegio\/"]}]},{"@type":"ImageObject","inLanguage":"es","@id":"https:\/\/www.ampacalvosotelo.es\/leo3.0\/el-colegio\/#primaryimage","url":"https:\/\/www.ampacalvosotelo.es\/leo3.0\/wp-content\/uploads\/2025\/05\/logo-colegio-bilingue-comunidad-de-madrid12114.png","contentUrl":"https:\/\/www.ampacalvosotelo.es\/leo3.0\/wp-content\/uploads\/2025\/05\/logo-colegio-bilingue-comunidad-de-madrid12114.png","width":816,"height":357},{"@type":"BreadcrumbList","@id":"https:\/\/www.ampacalvosotelo.es\/leo3.0\/el-colegio\/#breadcrumb","itemListElement":[{"@type":"ListItem","position":1,"name":"Portada","item":"https:\/\/www.ampacalvosotelo.es\/leo3.0\/"},{"@type":"ListItem","position":2,"name":"EL COLEGIO"}]},{"@type":"WebSite","@id":"https:\/\/www.ampacalvosotelo.es\/leo3.0\/#website","url":"https:\/\/www.ampacalvosotelo.es\/leo3.0\/","name":"AMPA LEOPOLDO CALVO-SOTELO","description":"","publisher":{"@id":"https:\/\/www.ampacalvosotelo.es\/leo3.0\/#organization"},"potentialAction":[{"@type":"SearchAction","target":{"@type":"EntryPoint","urlTemplate":"https:\/\/www.ampacalvosotelo.es\/leo3.0\/?s={search_term_string}"},"query-input":{"@type":"PropertyValueSpecification","valueRequired":true,"valueName":"search_term_string"}}],"inLanguage":"es"},{"@type":"Organization","@id":"https:\/\/www.ampacalvosotelo.es\/leo3.0\/#organization","name":"AMPA LEOPOLDO CALVO-SOTELO","url":"https:\/\/www.ampacalvosotelo.es\/leo3.0\/","logo":{"@type":"ImageObject","inLanguage":"es","@id":"https:\/\/www.ampacalvosotelo.es\/leo3.0\/#\/schema\/logo\/image\/","url":"https:\/\/www.ampacalvosotelo.es\/leo3.0\/wp-content\/uploads\/2019\/01\/cropped-1011324_170800033092621_1551186961_n-5.png","contentUrl":"https:\/\/www.ampacalvosotelo.es\/leo3.0\/wp-content\/uploads\/2019\/01\/cropped-1011324_170800033092621_1551186961_n-5.png","width":180,"height":167,"caption":"AMPA LEOPOLDO CALVO-SOTELO"},"image":{"@id":"https:\/\/www.ampacalvosotelo.es\/leo3.0\/#\/schema\/logo\/image\/"},"sameAs":["https:\/\/www.facebook.com\/ampa.leopoldocalvosotelo\/?locale=es_ES","https:\/\/www.instagram.com\/ampaleopoldocalvosotelo\/","https:\/\/www.whatsapp.com\/channel\/0029VaVA7D2ElagwaCmnrT2x","https:\/\/t.me\/AMPALCS"]}]}},"_links":{"self":[{"href":"https:\/\/www.ampacalvosotelo.es\/leo3.0\/wp-json\/wp\/v2\/pages\/183","targetHints":{"allow":["GET"]}}],"collection":[{"href":"https:\/\/www.ampacalvosotelo.es\/leo3.0\/wp-json\/wp\/v2\/pages"}],"about":[{"href":"https:\/\/www.ampacalvosotelo.es\/leo3.0\/wp-json\/wp\/v2\/types\/page"}],"author":[{"embeddable":true,"href":"https:\/\/www.ampacalvosotelo.es\/leo3.0\/wp-json\/wp\/v2\/users\/4"}],"replies":[{"embeddable":true,"href":"https:\/\/www.ampacalvosotelo.es\/leo3.0\/wp-json\/wp\/v2\/comments?post=183"}],"version-history":[{"count":8,"href":"https:\/\/www.ampacalvosotelo.es\/leo3.0\/wp-json\/wp\/v2\/pages\/183\/revisions"}],"predecessor-version":[{"id":972,"href":"https:\/\/www.ampacalvosotelo.es\/leo3.0\/wp-json\/wp\/v2\/pages\/183\/revisions\/972"}],"wp:attachment":[{"href":"https:\/\/www.ampacalvosotelo.es\/leo3.0\/wp-json\/wp\/v2\/media?parent=183"}],"curies":[{"name":"wp","href":"https:\/\/api.w.org\/{rel}","templated":true}]}}