{"id":122,"date":"2019-07-18T16:06:07","date_gmt":"2019-07-18T16:06:07","guid":{"rendered":"https:\/\/www.ampacalvosotelo.es\/leo3.0\/?page_id=122"},"modified":"2023-10-22T21:53:10","modified_gmt":"2023-10-22T21:53:10","slug":"memoria-de-actividades","status":"publish","type":"page","link":"https:\/\/www.ampacalvosotelo.es\/leo3.0\/memoria-de-actividades\/","title":{"rendered":"MEMORIA DE ACTIVIDADES"},"content":{"rendered":"\n<p>Aqu\u00ed tienes un peque\u00f1o resumen resumen de a qu\u00e9 nos dedicamos a lo largo del curso. Si quieres saber m\u00e1s sobre nosotros no dudes en <a href=\"https:\/\/www.ampacalvosotelo.es\/leo3.0\/contacto\/\">contactarnos<\/a>.<\/p>\n\n\n\n<div class=\"wp-block-image\"><figure class=\"aligncenter is-resized\"><a href=\"https:\/\/docs.google.com\/document\/d\/1nSsodgLGTHPLJucWiFG3vcbvgDks6BKE\/edit?usp=sharing&amp;ouid=110038245096788546813&amp;rtpof=true&amp;sd=true\" target=\"_blank\" rel=\"noreferrer noopener\"><img loading=\"lazy\" decoding=\"async\" src=\"https:\/\/www.ampacalvosotelo.es\/leo3.0\/wp-content\/uploads\/2023\/10\/PORTADA_MEMORIA_2022_23-791x1024.jpg\" alt=\"\" class=\"wp-image-551\" width=\"193\" height=\"249\" srcset=\"https:\/\/www.ampacalvosotelo.es\/leo3.0\/wp-content\/uploads\/2023\/10\/PORTADA_MEMORIA_2022_23-791x1024.jpg 791w, https:\/\/www.ampacalvosotelo.es\/leo3.0\/wp-content\/uploads\/2023\/10\/PORTADA_MEMORIA_2022_23-232x300.jpg 232w, https:\/\/www.ampacalvosotelo.es\/leo3.0\/wp-content\/uploads\/2023\/10\/PORTADA_MEMORIA_2022_23-768x994.jpg 768w, https:\/\/www.ampacalvosotelo.es\/leo3.0\/wp-content\/uploads\/2023\/10\/PORTADA_MEMORIA_2022_23.jpg 1545w\" sizes=\"auto, (max-width: 193px) 100vw, 193px\" \/><\/a><figcaption><a href=\"https:\/\/docs.google.com\/document\/d\/1nSsodgLGTHPLJucWiFG3vcbvgDks6BKE\/edit?usp=sharing&amp;ouid=110038245096788546813&amp;rtpof=true&amp;sd=true\">MEMORIA 2022\/23<\/a><\/figcaption><\/figure><\/div>\n\n\n\n<div class=\"wp-block-image\"><figure class=\"aligncenter is-resized\"><a href=\"https:\/\/drive.google.com\/file\/d\/10d9fYyca-41zwnkOfFUZqTA_HFyrIkPh\/view?usp=share_link\"><img loading=\"lazy\" decoding=\"async\" src=\"https:\/\/www.ampacalvosotelo.es\/leo3.0\/wp-content\/uploads\/2022\/10\/Portada_memoria_2021_22-790x1024.jpg\" alt=\"\" class=\"wp-image-455\" width=\"184\" height=\"238\" srcset=\"https:\/\/www.ampacalvosotelo.es\/leo3.0\/wp-content\/uploads\/2022\/10\/Portada_memoria_2021_22-790x1024.jpg 790w, https:\/\/www.ampacalvosotelo.es\/leo3.0\/wp-content\/uploads\/2022\/10\/Portada_memoria_2021_22-231x300.jpg 231w, https:\/\/www.ampacalvosotelo.es\/leo3.0\/wp-content\/uploads\/2022\/10\/Portada_memoria_2021_22-768x996.jpg 768w, https:\/\/www.ampacalvosotelo.es\/leo3.0\/wp-content\/uploads\/2022\/10\/Portada_memoria_2021_22.jpg 802w\" sizes=\"auto, (max-width: 184px) 100vw, 184px\" \/><\/a><figcaption><a href=\"https:\/\/drive.google.com\/file\/d\/10d9fYyca-41zwnkOfFUZqTA_HFyrIkPh\/view?usp=share_link\">MEMORIA 2021\/22<\/a><\/figcaption><\/figure><\/div>\n\n\n\n<div class=\"wp-block-columns has-2-columns is-layout-flex wp-container-core-columns-is-layout-1 wp-block-columns-is-layout-flex\">\n<div class=\"wp-block-column is-layout-flow wp-block-column-is-layout-flow\">\n<div class=\"wp-block-image\"><figure class=\"aligncenter\"><a href=\"https:\/\/drive.google.com\/file\/d\/11aVNcR8Cexhomp2Hdh1OYVhyowf5pLYR\/view?usp=sharing\"><img loading=\"lazy\" decoding=\"async\" width=\"150\" height=\"150\" src=\"https:\/\/www.ampacalvosotelo.es\/leo3.0\/wp-content\/uploads\/2020\/09\/MEMORIA2019_20-150x150.png\" alt=\"\" class=\"wp-image-158\" srcset=\"https:\/\/www.ampacalvosotelo.es\/leo3.0\/wp-content\/uploads\/2020\/09\/MEMORIA2019_20-150x150.png 150w, https:\/\/www.ampacalvosotelo.es\/leo3.0\/wp-content\/uploads\/2020\/09\/MEMORIA2019_20-500x500.png 500w\" sizes=\"auto, (max-width: 150px) 100vw, 150px\" \/><\/a><figcaption><a href=\"https:\/\/drive.google.com\/file\/d\/11aVNcR8Cexhomp2Hdh1OYVhyowf5pLYR\/view?usp=sharing\">Memoria 2019\/20<\/a><\/figcaption><\/figure><\/div>\n<\/div>\n\n\n\n<div class=\"wp-block-column is-layout-flow wp-block-column-is-layout-flow\">\n<div class=\"wp-block-image\"><figure class=\"aligncenter\"><a href=\"https:\/\/drive.google.com\/file\/d\/1KRptTqiiSVBIMdM7FzpaoNDGC5bru6LO\/view?usp=sharing\"><img loading=\"lazy\" decoding=\"async\" width=\"150\" height=\"150\" src=\"https:\/\/www.ampacalvosotelo.es\/leo3.0\/wp-content\/uploads\/2020\/09\/MEMORIA2018_19-1-150x150.png\" alt=\"\" class=\"wp-image-161\" srcset=\"https:\/\/www.ampacalvosotelo.es\/leo3.0\/wp-content\/uploads\/2020\/09\/MEMORIA2018_19-1-150x150.png 150w, https:\/\/www.ampacalvosotelo.es\/leo3.0\/wp-content\/uploads\/2020\/09\/MEMORIA2018_19-1-500x500.png 500w\" sizes=\"auto, (max-width: 150px) 100vw, 150px\" \/><\/a><figcaption><a href=\"https:\/\/drive.google.com\/file\/d\/1KRptTqiiSVBIMdM7FzpaoNDGC5bru6LO\/view?usp=sharing\">Memoria 2018\/19<\/a><\/figcaption><\/figure><\/div>\n<\/div>\n<\/div>\n\n\n\n<p><\/p>\n","protected":false},"excerpt":{"rendered":"<p>Aqu\u00ed tienes un peque\u00f1o resumen resumen de a qu\u00e9 nos dedicamos a lo largo del curso. Si quieres saber m\u00e1s sobre nosotros no dudes en contactarnos.<\/p>\n","protected":false},"author":4,"featured_media":0,"parent":0,"menu_order":0,"comment_status":"closed","ping_status":"closed","template":"","meta":{"footnotes":""},"class_list":["post-122","page","type-page","status-publish","hentry"],"yoast_head":"<!-- This site is optimized with the Yoast SEO plugin v24.8.1 - https:\/\/yoast.com\/wordpress\/plugins\/seo\/ -->\n<title>MEMORIA DE ACTIVIDADES - AMPA LEOPOLDO CALVO-SOTELO<\/title>\n<meta name=\"robots\" content=\"index, follow, max-snippet:-1, max-image-preview:large, max-video-preview:-1\" \/>\n<link rel=\"canonical\" href=\"https:\/\/www.ampacalvosotelo.es\/leo3.0\/memoria-de-actividades\/\" \/>\n<meta property=\"og:locale\" content=\"es_ES\" \/>\n<meta property=\"og:type\" content=\"article\" \/>\n<meta property=\"og:title\" content=\"MEMORIA DE ACTIVIDADES - AMPA LEOPOLDO CALVO-SOTELO\" \/>\n<meta property=\"og:description\" content=\"Aqu\u00ed tienes un peque\u00f1o resumen resumen de a qu\u00e9 nos dedicamos a lo largo del curso. Si quieres saber m\u00e1s sobre nosotros no dudes en contactarnos.\" \/>\n<meta property=\"og:url\" content=\"https:\/\/www.ampacalvosotelo.es\/leo3.0\/memoria-de-actividades\/\" \/>\n<meta property=\"og:site_name\" content=\"AMPA LEOPOLDO CALVO-SOTELO\" \/>\n<meta property=\"article:publisher\" content=\"https:\/\/www.facebook.com\/ampa.leopoldocalvosotelo\/?locale=es_ES\" \/>\n<meta property=\"article:modified_time\" content=\"2023-10-22T21:53:10+00:00\" \/>\n<meta property=\"og:image\" content=\"https:\/\/www.ampacalvosotelo.es\/leo3.0\/wp-content\/uploads\/2023\/10\/PORTADA_MEMORIA_2022_23-791x1024.jpg\" \/>\n<meta name=\"twitter:card\" content=\"summary_large_image\" \/>\n<script type=\"application\/ld+json\" class=\"yoast-schema-graph\">{\"@context\":\"https:\/\/schema.org\",\"@graph\":[{\"@type\":\"WebPage\",\"@id\":\"https:\/\/www.ampacalvosotelo.es\/leo3.0\/memoria-de-actividades\/\",\"url\":\"https:\/\/www.ampacalvosotelo.es\/leo3.0\/memoria-de-actividades\/\",\"name\":\"MEMORIA DE ACTIVIDADES - AMPA LEOPOLDO CALVO-SOTELO\",\"isPartOf\":{\"@id\":\"https:\/\/www.ampacalvosotelo.es\/leo3.0\/#website\"},\"primaryImageOfPage\":{\"@id\":\"https:\/\/www.ampacalvosotelo.es\/leo3.0\/memoria-de-actividades\/#primaryimage\"},\"image\":{\"@id\":\"https:\/\/www.ampacalvosotelo.es\/leo3.0\/memoria-de-actividades\/#primaryimage\"},\"thumbnailUrl\":\"https:\/\/www.ampacalvosotelo.es\/leo3.0\/wp-content\/uploads\/2023\/10\/PORTADA_MEMORIA_2022_23-791x1024.jpg\",\"datePublished\":\"2019-07-18T16:06:07+00:00\",\"dateModified\":\"2023-10-22T21:53:10+00:00\",\"breadcrumb\":{\"@id\":\"https:\/\/www.ampacalvosotelo.es\/leo3.0\/memoria-de-actividades\/#breadcrumb\"},\"inLanguage\":\"es\",\"potentialAction\":[{\"@type\":\"ReadAction\",\"target\":[\"https:\/\/www.ampacalvosotelo.es\/leo3.0\/memoria-de-actividades\/\"]}]},{\"@type\":\"ImageObject\",\"inLanguage\":\"es\",\"@id\":\"https:\/\/www.ampacalvosotelo.es\/leo3.0\/memoria-de-actividades\/#primaryimage\",\"url\":\"https:\/\/www.ampacalvosotelo.es\/leo3.0\/wp-content\/uploads\/2023\/10\/PORTADA_MEMORIA_2022_23.jpg\",\"contentUrl\":\"https:\/\/www.ampacalvosotelo.es\/leo3.0\/wp-content\/uploads\/2023\/10\/PORTADA_MEMORIA_2022_23.jpg\",\"width\":1545,\"height\":2000},{\"@type\":\"BreadcrumbList\",\"@id\":\"https:\/\/www.ampacalvosotelo.es\/leo3.0\/memoria-de-actividades\/#breadcrumb\",\"itemListElement\":[{\"@type\":\"ListItem\",\"position\":1,\"name\":\"Portada\",\"item\":\"https:\/\/www.ampacalvosotelo.es\/leo3.0\/\"},{\"@type\":\"ListItem\",\"position\":2,\"name\":\"MEMORIA DE ACTIVIDADES\"}]},{\"@type\":\"WebSite\",\"@id\":\"https:\/\/www.ampacalvosotelo.es\/leo3.0\/#website\",\"url\":\"https:\/\/www.ampacalvosotelo.es\/leo3.0\/\",\"name\":\"AMPA LEOPOLDO CALVO-SOTELO\",\"description\":\"\",\"publisher\":{\"@id\":\"https:\/\/www.ampacalvosotelo.es\/leo3.0\/#organization\"},\"potentialAction\":[{\"@type\":\"SearchAction\",\"target\":{\"@type\":\"EntryPoint\",\"urlTemplate\":\"https:\/\/www.ampacalvosotelo.es\/leo3.0\/?s={search_term_string}\"},\"query-input\":{\"@type\":\"PropertyValueSpecification\",\"valueRequired\":true,\"valueName\":\"search_term_string\"}}],\"inLanguage\":\"es\"},{\"@type\":\"Organization\",\"@id\":\"https:\/\/www.ampacalvosotelo.es\/leo3.0\/#organization\",\"name\":\"AMPA LEOPOLDO CALVO-SOTELO\",\"url\":\"https:\/\/www.ampacalvosotelo.es\/leo3.0\/\",\"logo\":{\"@type\":\"ImageObject\",\"inLanguage\":\"es\",\"@id\":\"https:\/\/www.ampacalvosotelo.es\/leo3.0\/#\/schema\/logo\/image\/\",\"url\":\"https:\/\/www.ampacalvosotelo.es\/leo3.0\/wp-content\/uploads\/2019\/01\/cropped-1011324_170800033092621_1551186961_n-5.png\",\"contentUrl\":\"https:\/\/www.ampacalvosotelo.es\/leo3.0\/wp-content\/uploads\/2019\/01\/cropped-1011324_170800033092621_1551186961_n-5.png\",\"width\":180,\"height\":167,\"caption\":\"AMPA LEOPOLDO CALVO-SOTELO\"},\"image\":{\"@id\":\"https:\/\/www.ampacalvosotelo.es\/leo3.0\/#\/schema\/logo\/image\/\"},\"sameAs\":[\"https:\/\/www.facebook.com\/ampa.leopoldocalvosotelo\/?locale=es_ES\",\"https:\/\/www.instagram.com\/ampaleopoldocalvosotelo\/\",\"https:\/\/www.whatsapp.com\/channel\/0029VaVA7D2ElagwaCmnrT2x\",\"https:\/\/t.me\/AMPALCS\"]}]}<\/script>\n<!-- \/ Yoast SEO plugin. -->","yoast_head_json":{"title":"MEMORIA DE ACTIVIDADES - AMPA LEOPOLDO CALVO-SOTELO","robots":{"index":"index","follow":"follow","max-snippet":"max-snippet:-1","max-image-preview":"max-image-preview:large","max-video-preview":"max-video-preview:-1"},"canonical":"https:\/\/www.ampacalvosotelo.es\/leo3.0\/memoria-de-actividades\/","og_locale":"es_ES","og_type":"article","og_title":"MEMORIA DE ACTIVIDADES - AMPA LEOPOLDO CALVO-SOTELO","og_description":"Aqu\u00ed tienes un peque\u00f1o resumen resumen de a qu\u00e9 nos dedicamos a lo largo del curso. Si quieres saber m\u00e1s sobre nosotros no dudes en contactarnos.","og_url":"https:\/\/www.ampacalvosotelo.es\/leo3.0\/memoria-de-actividades\/","og_site_name":"AMPA LEOPOLDO CALVO-SOTELO","article_publisher":"https:\/\/www.facebook.com\/ampa.leopoldocalvosotelo\/?locale=es_ES","article_modified_time":"2023-10-22T21:53:10+00:00","og_image":[{"url":"https:\/\/www.ampacalvosotelo.es\/leo3.0\/wp-content\/uploads\/2023\/10\/PORTADA_MEMORIA_2022_23-791x1024.jpg","type":"","width":"","height":""}],"twitter_card":"summary_large_image","schema":{"@context":"https:\/\/schema.org","@graph":[{"@type":"WebPage","@id":"https:\/\/www.ampacalvosotelo.es\/leo3.0\/memoria-de-actividades\/","url":"https:\/\/www.ampacalvosotelo.es\/leo3.0\/memoria-de-actividades\/","name":"MEMORIA DE ACTIVIDADES - AMPA LEOPOLDO CALVO-SOTELO","isPartOf":{"@id":"https:\/\/www.ampacalvosotelo.es\/leo3.0\/#website"},"primaryImageOfPage":{"@id":"https:\/\/www.ampacalvosotelo.es\/leo3.0\/memoria-de-actividades\/#primaryimage"},"image":{"@id":"https:\/\/www.ampacalvosotelo.es\/leo3.0\/memoria-de-actividades\/#primaryimage"},"thumbnailUrl":"https:\/\/www.ampacalvosotelo.es\/leo3.0\/wp-content\/uploads\/2023\/10\/PORTADA_MEMORIA_2022_23-791x1024.jpg","datePublished":"2019-07-18T16:06:07+00:00","dateModified":"2023-10-22T21:53:10+00:00","breadcrumb":{"@id":"https:\/\/www.ampacalvosotelo.es\/leo3.0\/memoria-de-actividades\/#breadcrumb"},"inLanguage":"es","potentialAction":[{"@type":"ReadAction","target":["https:\/\/www.ampacalvosotelo.es\/leo3.0\/memoria-de-actividades\/"]}]},{"@type":"ImageObject","inLanguage":"es","@id":"https:\/\/www.ampacalvosotelo.es\/leo3.0\/memoria-de-actividades\/#primaryimage","url":"https:\/\/www.ampacalvosotelo.es\/leo3.0\/wp-content\/uploads\/2023\/10\/PORTADA_MEMORIA_2022_23.jpg","contentUrl":"https:\/\/www.ampacalvosotelo.es\/leo3.0\/wp-content\/uploads\/2023\/10\/PORTADA_MEMORIA_2022_23.jpg","width":1545,"height":2000},{"@type":"BreadcrumbList","@id":"https:\/\/www.ampacalvosotelo.es\/leo3.0\/memoria-de-actividades\/#breadcrumb","itemListElement":[{"@type":"ListItem","position":1,"name":"Portada","item":"https:\/\/www.ampacalvosotelo.es\/leo3.0\/"},{"@type":"ListItem","position":2,"name":"MEMORIA DE ACTIVIDADES"}]},{"@type":"WebSite","@id":"https:\/\/www.ampacalvosotelo.es\/leo3.0\/#website","url":"https:\/\/www.ampacalvosotelo.es\/leo3.0\/","name":"AMPA LEOPOLDO CALVO-SOTELO","description":"","publisher":{"@id":"https:\/\/www.ampacalvosotelo.es\/leo3.0\/#organization"},"potentialAction":[{"@type":"SearchAction","target":{"@type":"EntryPoint","urlTemplate":"https:\/\/www.ampacalvosotelo.es\/leo3.0\/?s={search_term_string}"},"query-input":{"@type":"PropertyValueSpecification","valueRequired":true,"valueName":"search_term_string"}}],"inLanguage":"es"},{"@type":"Organization","@id":"https:\/\/www.ampacalvosotelo.es\/leo3.0\/#organization","name":"AMPA LEOPOLDO CALVO-SOTELO","url":"https:\/\/www.ampacalvosotelo.es\/leo3.0\/","logo":{"@type":"ImageObject","inLanguage":"es","@id":"https:\/\/www.ampacalvosotelo.es\/leo3.0\/#\/schema\/logo\/image\/","url":"https:\/\/www.ampacalvosotelo.es\/leo3.0\/wp-content\/uploads\/2019\/01\/cropped-1011324_170800033092621_1551186961_n-5.png","contentUrl":"https:\/\/www.ampacalvosotelo.es\/leo3.0\/wp-content\/uploads\/2019\/01\/cropped-1011324_170800033092621_1551186961_n-5.png","width":180,"height":167,"caption":"AMPA LEOPOLDO CALVO-SOTELO"},"image":{"@id":"https:\/\/www.ampacalvosotelo.es\/leo3.0\/#\/schema\/logo\/image\/"},"sameAs":["https:\/\/www.facebook.com\/ampa.leopoldocalvosotelo\/?locale=es_ES","https:\/\/www.instagram.com\/ampaleopoldocalvosotelo\/","https:\/\/www.whatsapp.com\/channel\/0029VaVA7D2ElagwaCmnrT2x","https:\/\/t.me\/AMPALCS"]}]}},"_links":{"self":[{"href":"https:\/\/www.ampacalvosotelo.es\/leo3.0\/wp-json\/wp\/v2\/pages\/122","targetHints":{"allow":["GET"]}}],"collection":[{"href":"https:\/\/www.ampacalvosotelo.es\/leo3.0\/wp-json\/wp\/v2\/pages"}],"about":[{"href":"https:\/\/www.ampacalvosotelo.es\/leo3.0\/wp-json\/wp\/v2\/types\/page"}],"author":[{"embeddable":true,"href":"https:\/\/www.ampacalvosotelo.es\/leo3.0\/wp-json\/wp\/v2\/users\/4"}],"replies":[{"embeddable":true,"href":"https:\/\/www.ampacalvosotelo.es\/leo3.0\/wp-json\/wp\/v2\/comments?post=122"}],"version-history":[{"count":8,"href":"https:\/\/www.ampacalvosotelo.es\/leo3.0\/wp-json\/wp\/v2\/pages\/122\/revisions"}],"predecessor-version":[{"id":552,"href":"https:\/\/www.ampacalvosotelo.es\/leo3.0\/wp-json\/wp\/v2\/pages\/122\/revisions\/552"}],"wp:attachment":[{"href":"https:\/\/www.ampacalvosotelo.es\/leo3.0\/wp-json\/wp\/v2\/media?parent=122"}],"curies":[{"name":"wp","href":"https:\/\/api.w.org\/{rel}","templated":true}]}}